{"id":22,"date":"2022-04-26T14:42:38","date_gmt":"2022-04-26T14:42:38","guid":{"rendered":"https:\/\/www.romanbudai.sk\/?page_id=22"},"modified":"2023-03-27T15:32:07","modified_gmt":"2023-03-27T15:32:07","slug":"o-mne","status":"publish","type":"page","link":"https:\/\/www.romanbudai.sk\/?page_id=22","title":{"rendered":"O mne"},"content":{"rendered":"\n<p>V\u00edtajte na na mojej str\u00e1nke! Som tu, aby som pre V\u00e1s zachytil najd\u00f4le\u017eitej\u0161ie momenty v\u00e1\u0161ho ve\u013ek\u00e9ho d\u0148a a zachoval ich na fotografi\u00e1ch.<\/p>\n\n\n\n<p>Fotografii a foteniu svadieb sa venujem u\u017e viac ako 7 rokov a viem, ako d\u00f4le\u017eit\u00fd je ka\u017ed\u00fd moment, ktor\u00fd sa v tento de\u0148 odohr\u00e1. Preto sa v\u017edy sna\u017e\u00edm zachyti\u0165 \u010do najviac \u00fa\u017easn\u00fdch okamihov, aby ste mohli ma\u0165 na v\u00fdber z ve\u013ek\u00e9ho mno\u017estva kr\u00e1snych fotografi\u00ed.<\/p>\n\n\n\n<p>Mojou prioritou je vytvori\u0165 uvo\u013enen\u00fa a priate\u013esk\u00fa atmosf\u00e9ru, aby ste sa mohli c\u00edti\u0165 pred objekt\u00edvom uvo\u013enene. <\/p>\n\n\n\n<p>Ak h\u013ead\u00e1te svadobn\u00e9ho fotografa, ktor\u00fd zachyt\u00ed tie najlep\u0161ie momenty V\u00e1\u0161ho ve\u013ek\u00e9ho d\u0148a a zanech\u00e1 v\u00e1m n\u00e1dhern\u00e9 spomienky na cel\u00fd \u017eivot, nev\u00e1hajte ma kontaktova\u0165. <\/p>\n","protected":false},"excerpt":{"rendered":"<p>V\u00edtajte na na mojej str\u00e1nke! Som tu, aby som pre V\u00e1s zachytil najd\u00f4le\u017eitej\u0161ie momenty v\u00e1\u0161ho ve\u013ek\u00e9ho d\u0148a a zachoval ich na fotografi\u00e1ch. Fotografii a foteniu svadieb sa venujem u\u017e viac ako 7 rokov a viem, ako d\u00f4le\u017eit\u00fd je ka\u017ed\u00fd moment, ktor\u00fd sa v tento de\u0148 odohr\u00e1. Preto sa v\u017edy sna\u017e\u00edm zachyti\u0165 \u010do najviac \u00fa\u017easn\u00fdch okamihov, &hellip; <\/p>\n","protected":false},"author":1,"featured_media":0,"parent":0,"menu_order":0,"comment_status":"closed","ping_status":"closed","template":"","meta":{"footnotes":""},"class_list":["post-22","page","type-page","status-publish","hentry"],"_links":{"self":[{"href":"https:\/\/www.romanbudai.sk\/index.php?rest_route=\/wp\/v2\/pages\/22","targetHints":{"allow":["GET"]}}],"collection":[{"href":"https:\/\/www.romanbudai.sk\/index.php?rest_route=\/wp\/v2\/pages"}],"about":[{"href":"https:\/\/www.romanbudai.sk\/index.php?rest_route=\/wp\/v2\/types\/page"}],"author":[{"embeddable":true,"href":"https:\/\/www.romanbudai.sk\/index.php?rest_route=\/wp\/v2\/users\/1"}],"replies":[{"embeddable":true,"href":"https:\/\/www.romanbudai.sk\/index.php?rest_route=%2Fwp%2Fv2%2Fcomments&post=22"}],"version-history":[{"count":3,"href":"https:\/\/www.romanbudai.sk\/index.php?rest_route=\/wp\/v2\/pages\/22\/revisions"}],"predecessor-version":[{"id":215,"href":"https:\/\/www.romanbudai.sk\/index.php?rest_route=\/wp\/v2\/pages\/22\/revisions\/215"}],"wp:attachment":[{"href":"https:\/\/www.romanbudai.sk\/index.php?rest_route=%2Fwp%2Fv2%2Fmedia&parent=22"}],"curies":[{"name":"wp","href":"https:\/\/api.w.org\/{rel}","templated":true}]}}